{"id":13508,"date":"2017-06-13T12:30:18","date_gmt":"2017-06-13T12:30:18","guid":{"rendered":"http:\/\/theater.cmsmasters.net\/?page_id=13508"},"modified":"2025-08-13T22:49:30","modified_gmt":"2025-08-13T22:49:30","slug":"contacts","status":"publish","type":"page","link":"https:\/\/pruebadesitios.online\/?page_id=13508","title":{"rendered":"Contacto"},"content":{"rendered":"<div id=\"cmsmasters_row_4b5a7c5821\" class=\"cmsmasters_row cmsmasters_color_scheme_default cmsmasters_row_top_default cmsmasters_row_bot_default cmsmasters_row_boxed\">\n<div class=\"cmsmasters_row_outer_parent\">\n<div class=\"cmsmasters_row_outer\">\n<div class=\"cmsmasters_row_inner\">\n<div class=\"cmsmasters_row_margin\">\n<div id=\"cmsmasters_column_cd8aab8119\" class=\"cmsmasters_column one_first\">\n<div class=\"cmsmasters_column_inner\"><\/div><\/div>\n<\/div>\n<\/div>\n<\/div>\n<\/div>\n<\/div>\n<div id=\"cmsmasters_row_dsrrd88spc\" class=\"cmsmasters_row cmsmasters_color_scheme_default cmsmasters_row_top_default cmsmasters_row_bot_default cmsmasters_row_boxed\">\n<div class=\"cmsmasters_row_outer_parent\">\n<div class=\"cmsmasters_row_outer\">\n<div class=\"cmsmasters_row_inner\">\n<div class=\"cmsmasters_row_margin\">\n<div id=\"cmsmasters_column_0nsqsjviem\" class=\"cmsmasters_column one_half\">\n<div class=\"cmsmasters_column_inner\"><div id=\"cmsmasters_fb_rctk7lg8x7\" class=\"cmsmasters_featured_block\">\n<div class=\"featured_block_inner\">\n<div class=\"featured_block_text\">\n<h4><span style=\"color: #f15623;\">Coordinador<\/span><\/h4>\n<p style=\"text-align: left;\">\n<\/div>\n<\/div>\n<\/div>\n<div class=\"cmsmasters_text\">\n<p>&nbsp;<\/p>\n<\/div>\n<div class=\"cmsmasters_text\">\n<p><\/p>\n<\/div>\n<\/div><\/div>\n<div id=\"cmsmasters_column_sc7oiamrtd\" class=\"cmsmasters_column one_half\">\n<div class=\"cmsmasters_column_inner\"><div id=\"cmsmasters_fb_1wgvk9e0j\" class=\"cmsmasters_featured_block\">\n<div class=\"featured_block_inner\">\n<div class=\"featured_block_text\">\n<h4><b>Guillermo Becerril \u00c1vila<br \/>\n<\/b><span style=\"color: #f15623;\">Productor<\/span><\/h4>\n<p style=\"text-align: left;\">\n<\/div>\n<\/div>\n<\/div>\n<div class=\"cmsmasters_text\">\n<p>&nbsp;<\/p>\n<\/div>\n<div id=\"cmsmasters_fb_quhmtzxoz9\" class=\"cmsmasters_featured_block\">\n<div class=\"featured_block_inner\">\n<div class=\"featured_block_text\">\n<h4><b>Erika Arroyo<br \/>\n<\/b><span style=\"color: #f15623;\">Enlace de comunicaci\u00f3n<\/span><\/h4>\n<p style=\"text-align: left;\">\n<\/div>\n<\/div>\n<\/div>\n<div class=\"cmsmasters_text\">\n<p>&nbsp;<\/p>\n<\/div>\n<div class=\"cmsmasters_text\">\n<p>&nbsp;<\/p>\n<\/div>\n<\/div><\/div>\n<\/div>\n<\/div>\n<\/div>\n<\/div>\n<\/div>\n<div id=\"cmsmasters_row_q0s3toibtn\" class=\"cmsmasters_row cmsmasters_color_scheme_default cmsmasters_row_top_default cmsmasters_row_bot_default cmsmasters_row_boxed\">\n<div class=\"cmsmasters_row_outer_parent\">\n<div class=\"cmsmasters_row_outer\">\n<div class=\"cmsmasters_row_inner\">\n<div class=\"cmsmasters_row_margin\">\n<div id=\"cmsmasters_column_s154cnkucs\" class=\"cmsmasters_column one_first\">\n<div class=\"cmsmasters_column_inner\"><div id=\"cmsmasters_fb_iy2x41ktud\" class=\"cmsmasters_featured_block\">\n<div class=\"featured_block_inner\">\n<div class=\"featured_block_text\">\n<h3 style=\"text-align: center;\"><span style=\"font-weight: 400;\">Coordinaci\u00f3n de Difusi\u00f3n Cultural<br \/>\n<\/span><\/h3>\n<p style=\"text-align: center;\"><span style=\"font-weight: 400;\">Av. Insurgentes Sur 3000, C.U., Coyoac\u00e1n, 04510<br \/>\n<\/span><span style=\"font-weight: 400;\">Ciudad de M\u00e9xico, CDMX<\/span><\/p>\n<p style=\"text-align: center;\"><a href=\"mailto:catedranelsonmandela@gmail.com\" target=\"_blank\" rel=\"noopener noreferrer\"><span style=\"font-weight: 400;\">catedranelsonmandela@gmail.com<\/span><\/a><br \/>\n<span style=\"font-weight: 400;\">Tel. 55 5622 7003<\/span><\/p>\n\n<\/div>\n<\/div>\n<\/div>\n<\/div><\/div>\n<\/div>\n<\/div>\n<\/div>\n<\/div>\n<\/div>\n<div id=\"cmsmasters_row_qjqt482q4o\" class=\"cmsmasters_row cmsmasters_color_scheme_default cmsmasters_row_top_default cmsmasters_row_bot_default cmsmasters_row_boxed\">\n<div class=\"cmsmasters_row_outer_parent\">\n<div class=\"cmsmasters_row_outer\">\n<div class=\"cmsmasters_row_inner\">\n<div class=\"cmsmasters_row_margin\">\n<div id=\"cmsmasters_column_uh6mcxxprr\" class=\"cmsmasters_column one_first\">\n<div class=\"cmsmasters_column_inner\"><div id=\"cmsmasters_fb_mwm09df35\" class=\"cmsmasters_featured_block\">\n<div class=\"featured_block_inner\">\n<div class=\"featured_block_text\">\n<h2 style=\"text-align: center;\">Directorio<\/h2>\n\n<\/div>\n<\/div>\n<\/div>\n<div class=\"cmsmasters_toggles toggles_mode_toggle\">\n<div class=\"cmsmasters_toggle_wrap\" data-tags=\"all \">\n<div class=\"cmsmasters_toggle_title\">\n<span class=\"cmsmasters_toggle_plus\">\n<span class=\"cmsmasters_toggle_plus_hor\"><\/span>\n<span class=\"cmsmasters_toggle_plus_vert\"><\/span>\n<\/span>\n<a href=\"#\">Universidad Nacional Aut\u00f3noma de M\u00e9xico<\/a>\n<\/div>\n<div class=\"cmsmasters_toggle\">\n<div class=\"cmsmasters_toggle_inner\">\n<p>Leonardo Lomel\u00ed Vanegas<br \/>\n<strong>Rector<\/strong><\/p>\n<p>Patricia D\u00e1vila Aranda<br \/>\n<strong>Secretario General<\/strong><\/p>\n<p>Tom\u00e1s Humberto Rubio P\u00e9rez<br \/>\n<strong>Secretario Administrativo<\/strong><\/p>\n<p>Diana Tamara Mart\u00ednez Ruiz<br \/>\n<strong>Secretaria de Desarrollo Institucional<\/strong><\/p>\n<p>Ra\u00fal Arcenio Aguilar Tamayo<br \/>\n<strong>Secretario de Prevenci\u00f3n, Atenci\u00f3n y Seguridad Universitaria<\/strong><\/p>\n<p>Hugo Alejandro Concha Cant\u00fa<br \/>\n<strong>Abogado General<\/strong><\/p>\n<p>Mauricio L\u00f3pez Vel\u00e1zquez<br \/>\n<strong>Director General de Comunicaci\u00f3n Social<\/strong><\/p>\n<\/div>\n<\/div>\n<\/div><\/div><div class=\"cmsmasters_toggles toggles_mode_toggle\">\n<div class=\"cmsmasters_toggle_wrap\" data-tags=\"all \">\n<div class=\"cmsmasters_toggle_title\">\n<span class=\"cmsmasters_toggle_plus\">\n<span class=\"cmsmasters_toggle_plus_hor\"><\/span>\n<span class=\"cmsmasters_toggle_plus_vert\"><\/span>\n<\/span>\n<a href=\"#\">Coordinaci\u00f3n de Difusi\u00f3n Cultural<\/a>\n<\/div>\n<div class=\"cmsmasters_toggle\">\n<div class=\"cmsmasters_toggle_inner\">\n<p>Rosa Beltr\u00e1n \u00c1lvarez<br \/>\nCoordinadora<br \/>\ncorrespondencia@cultura.unam.mx<br \/>\n55 5622\u00b77003 y 55 5622\u00b77005<\/p>\n<p>Paola Mor\u00e1n Leyva<br \/>\nSecretaria T\u00e9cnica de Vinculaci\u00f3n<br \/>\npmoran@cultura.unam.mx<br \/>\n5622\u00b77013 y 5622\u00b77017<\/p>\n<p>Juan Ayala M\u00e9ndez<br \/>\nSecretario T\u00e9cnico de Planeaci\u00f3n y Programaci\u00f3n<br \/>\nayalajuan.unam@gmail.com<br \/>\n5622\u00b77015 y 5622\u00b77016<\/p>\n<p>Dora Luz Haw S\u00e1nchez<br \/>\nSecretaria de Comunicaci\u00f3n<br \/>\ndorahaw.unam@gmail.com<br \/>\n5622\u00b76950 y 5622\u00b77009<\/p>\n<p>Graciela Z\u00fa\u00f1iga Gonz\u00e1lez<br \/>\nSecretaria Administrativa<br \/>\nzug@unam.mx<br \/>\n5622\u00b77006, 5622\u00b77030 y 5665\u00b70177<\/p>\n<p>Myrna Ortega Morales<br \/>\nSecretaria de Extensi\u00f3n y Proyectos Digitales<br \/>\nmyrna@descargacultura.unam.mx<br \/>\n5622\u00b77070<\/p>\n<p>Jos\u00e9 Luis Monta\u00f1o Maldonado<br \/>\nCoordinador de Recintos<br \/>\nmontano.unam@gmail.com<br \/>\n5622\u00b77025 y 5622\u00b77029<\/p>\n<p>Hugo Villa Smythe<br \/>\nDirector General de Actividades Cinematogr\u00e1ficas<br \/>\nhugovilla@unam.mx<br \/>\n5622\u00b79495 y 5622\u00b79595<\/p>\n<p>Tatiana Cuevas<br \/>\nDirectora General de Artes Visuales<br \/>\ntatiana.cuevas@muac.unam.mx<br \/>\n5622\u00b76901 y 5622\u00b76902<\/p>\n<p>Claudia Lavista<br \/>\nDirectora de Danza<br \/>\ninfdanza@unam.mx<br \/>\n5622\u00b77091 ext. 101<\/p>\n<p>Julia Santib\u00e1\u00f1ez<br \/>\nDirectora de Literatura y Fomento a la Lectura<br \/>\n5622\u00b76240 y 5665\u00b70419<\/p>\n<p>Jos\u00e9 Julio D\u00edaz Infante<br \/>\nDirector General de M\u00fasica<br \/>\n5622\u00b77110<\/p>\n<p>Socorro Venegas P\u00e9rez<br \/>\nDirectora General de Publicaciones y Fomento Editorial<br \/>\nsvenegas@libros.unam.mx<br \/>\n5622\u00b76570 y 5665\u00b72653<\/p>\n<p>Juan Meli\u00e1 Huerta<br \/>\nDirector de Teatro<br \/>\ndirteatrounam@hotmail.com<br \/>\n5622\u00b77090<\/p>\n<p>Benito Taibo Mahojo<br \/>\nDirector General de Radio UNAM<br \/>\nbtradio@unam.mx<br \/>\n5623\u00b73250 y 5623\u00b73251<\/p>\n<p>Jorge Comensal<br \/>\nDirector de la Revista de la Universidad de M\u00e9xico<br \/>\n5550\u00b75800 ext. 101<\/p>\n<p>Iv\u00e1n Trujillo Bolio<br \/>\nDirector General de TV UNAM<br \/>\nivan71@gmail.com<br \/>\n5622\u00b79302<\/p>\n<p>Emma Dib<br \/>\nDirectora del Centro Universitario de Teatro<br \/>\ncutdir@unam.mx<br \/>\n5622\u00b77108<\/p>\n<p>Cinthya Garc\u00eda Leyva<br \/>\nDirectora de Casa del Lago Juan Jos\u00e9 Arreola<br \/>\ncgarcial@casadellago.unam.mx<br \/>\n5211\u00b76093 y 5211\u00b76094 ext. 230<\/p>\n<p>Jacobo Day\u00e1n<br \/>\nDirector General del Centro Cultural Universitario Tlatelolco<br \/>\ndg_ccut@unam.mx<br \/>\n5117\u00b72818 ext. 49867<\/p>\n<p>Guadalupe Alonso<br \/>\nDirectora de Casa Universitaria del Libro UNAM<br \/>\nalonsocoratella@me.com<br \/>\n5511\u00b74468 y 5207\u00b79871<\/p>\n<p>Sol Henaro<br \/>\nDirectora del Museo Universitario del Chopo<br \/>\n5546\u00b73471 y 5546\u00b78490 ext. 101<\/p>\n<p>Eduardo V\u00e1zquez Mart\u00edn<br \/>\nCoordinador Ejecutivo del Antiguo Colegio de San Ildefonso<br \/>\nevazquez@sanildefonso.org.mx<br \/>\n3602\u00b70010 y 12<\/p>\n<p>Marcela Benavides<br \/>\nTitular de la Unidad de G\u00e9nero e Inclusi\u00f3n<br \/>\nunidaddegenero@cultura.unam.mx<\/p>\n<p>Alma Delia Fuentes<br \/>\nTitular de la Unidad de Investigaciones Period\u00edsticas<br \/>\nuip@cultura.unam.mx<\/p>\n<p>&nbsp;<\/p>\n<\/div>\n<\/div>\n<\/div><\/div><div class=\"cmsmasters_toggles toggles_mode_toggle\">\n<div class=\"cmsmasters_toggle_wrap\" data-tags=\"all \">\n<div class=\"cmsmasters_toggle_title\">\n<span class=\"cmsmasters_toggle_plus\">\n<span class=\"cmsmasters_toggle_plus_hor\"><\/span>\n<span class=\"cmsmasters_toggle_plus_vert\"><\/span>\n<\/span>\n<a href=\"#\">Unidad Acad\u00e9mica Cultura UNAM<\/a>\n<\/div>\n<div class=\"cmsmasters_toggle\">\n<div class=\"cmsmasters_toggle_inner\">\n<p>Alejandro Le\u00f3n Su\u00e1rez Plancarte<br \/>\nTitular de la Unidad de Desarrollo Institucional<br \/>\n<a href=\"mailto:desarrollo@cultura.unam.mx\" target=\"_blank\" rel=\"noopener noreferrer\">desarrollo@cultura.unam.mx<\/a><\/p>\n<p>Monserrat S. P\u00e9rez Zea<br \/>\nEnlace Administrativo de Planeaci\u00f3n y Gesti\u00f3n<br \/>\n<a href=\"mailto:gestion.unidadadministrativa@gmail.com\">gestion.unidadadministrativa@gmail.com<\/a><\/p>\n<p>Guillermo Becerril \u00c1vila<br \/>\nEnlace de Audiovisuales<br \/>\n<a href=\"mailto:audiovisuales.uacademica@gmail.com\">audiovisuales.uacademica@gmail.com\u00a0<\/a><\/p>\n<\/div>\n<\/div>\n<\/div><\/div>\n<\/div><\/div>\n<\/div>\n<\/div>\n<\/div>\n<\/div>\n<\/div>\n<div id=\"cmsmasters_row_s1r6xj1md\" class=\"cmsmasters_row cmsmasters_color_scheme_default cmsmasters_row_top_default cmsmasters_row_bot_default cmsmasters_row_boxed\">\n<div class=\"cmsmasters_row_outer_parent\">\n<div class=\"cmsmasters_row_outer\">\n<div class=\"cmsmasters_row_inner\">\n<div class=\"cmsmasters_row_margin\">\n<div id=\"cmsmasters_column_cfan9qkxe\" class=\"cmsmasters_column one_first\">\n<div class=\"cmsmasters_column_inner\"><\/div><\/div>\n<\/div>\n<\/div>\n<\/div>\n<\/div>\n<\/div>\n<div id=\"cmsmasters_row_c0x836u61q\" class=\"cmsmasters_row cmsmasters_color_scheme_default cmsmasters_row_top_default cmsmasters_row_bot_default cmsmasters_row_boxed\">\n<div class=\"cmsmasters_row_outer_parent\">\n<div class=\"cmsmasters_row_outer\">\n<div class=\"cmsmasters_row_inner\">\n<div class=\"cmsmasters_row_margin\">\n<div id=\"cmsmasters_column_yspwne7mjq\" class=\"cmsmasters_column one_first\">\n<div class=\"cmsmasters_column_inner\"><div class=\"custom_html\">\n<iframe loading=\"lazy\" src=\"https:\/\/www.google.com\/maps\/embed?pb=!1m18!1m12!1m3!1d3765.24508561922!2d-99.18973058480114!3d19.31516844942965!2m3!1f0!2f0!3f0!3m2!1i1024!2i768!4f13.1!3m3!1m2!1s0x85ce000b43a8afb1%3A0x2a11660bfe98ad73!2sAv.%20Insurgentes%20Sur%203000%2C%20C.U.%2C%20Coyoac%C3%A1n%2C%2004510%20Ciudad%20de%20M%C3%A9xico%2C%20CDMX!5e0!3m2!1ses-419!2smx!4v1607320785852!5m2!1ses-419!2smx\" width=\"1920\" height=\"450\" frameborder=\"0\" style=\"border:0;\" allowfullscreen=\"\" aria-hidden=\"false\" tabindex=\"0\"><\/iframe>\n<\/div>\n<div id=\"cmsmasters_fb_ujwl6pul7x\" class=\"cmsmasters_featured_block\">\n<div class=\"featured_block_inner\">\n<div class=\"featured_block_text\">\n<p>&nbsp;<\/p>\n<p>&nbsp;<\/p>\n<p>&nbsp;<\/p>\n\n<\/div>\n<\/div>\n<\/div>\n<\/div><\/div>\n<\/div>\n<\/div>\n<\/div>\n<\/div>\n<\/div>\n\n","protected":false},"excerpt":{"rendered":"","protected":false},"author":1,"featured_media":0,"parent":0,"menu_order":0,"comment_status":"closed","ping_status":"closed","template":"","meta":{"_acf_changed":false,"footnotes":""},"class_list":["post-13508","page","type-page","status-publish","hentry"],"acf":[],"yoast_head":"<!-- This site is optimized with the Yoast SEO plugin v26.0 - https:\/\/yoast.com\/wordpress\/plugins\/seo\/ -->\n<title>Contacto - Catedra Nelson Mandela<\/title>\n<meta name=\"robots\" content=\"index, follow, max-snippet:-1, max-image-preview:large, max-video-preview:-1\" \/>\n<link rel=\"canonical\" href=\"https:\/\/pruebadesitios.online\/?page_id=13508\" \/>\n<meta property=\"og:locale\" content=\"es_MX\" \/>\n<meta property=\"og:type\" content=\"article\" \/>\n<meta property=\"og:title\" content=\"Contacto - Catedra Nelson Mandela\" \/>\n<meta property=\"og:url\" content=\"https:\/\/pruebadesitios.online\/?page_id=13508\" \/>\n<meta property=\"og:site_name\" content=\"Catedra Nelson Mandela\" \/>\n<meta property=\"article:modified_time\" content=\"2025-08-13T22:49:30+00:00\" \/>\n<meta name=\"twitter:card\" content=\"summary_large_image\" \/>\n<meta name=\"twitter:label1\" content=\"Tiempo de lectura\" \/>\n\t<meta name=\"twitter:data1\" content=\"4 minutos\" \/>\n<script type=\"application\/ld+json\" class=\"yoast-schema-graph\">{\"@context\":\"https:\/\/schema.org\",\"@graph\":[{\"@type\":\"WebPage\",\"@id\":\"https:\/\/pruebadesitios.online\/?page_id=13508\",\"url\":\"https:\/\/pruebadesitios.online\/?page_id=13508\",\"name\":\"Contacto - Catedra Nelson Mandela\",\"isPartOf\":{\"@id\":\"https:\/\/pruebadesitios.online\/#website\"},\"datePublished\":\"2017-06-13T12:30:18+00:00\",\"dateModified\":\"2025-08-13T22:49:30+00:00\",\"breadcrumb\":{\"@id\":\"https:\/\/pruebadesitios.online\/?page_id=13508#breadcrumb\"},\"inLanguage\":\"es\",\"potentialAction\":[{\"@type\":\"ReadAction\",\"target\":[\"https:\/\/pruebadesitios.online\/?page_id=13508\"]}]},{\"@type\":\"BreadcrumbList\",\"@id\":\"https:\/\/pruebadesitios.online\/?page_id=13508#breadcrumb\",\"itemListElement\":[{\"@type\":\"ListItem\",\"position\":1,\"name\":\"Home\",\"item\":\"https:\/\/pruebadesitios.online\/\"},{\"@type\":\"ListItem\",\"position\":2,\"name\":\"Contacto\"}]},{\"@type\":\"WebSite\",\"@id\":\"https:\/\/pruebadesitios.online\/#website\",\"url\":\"https:\/\/pruebadesitios.online\/\",\"name\":\"Catedra Nelson Mandela\",\"description\":\"\",\"potentialAction\":[{\"@type\":\"SearchAction\",\"target\":{\"@type\":\"EntryPoint\",\"urlTemplate\":\"https:\/\/pruebadesitios.online\/?s={search_term_string}\"},\"query-input\":{\"@type\":\"PropertyValueSpecification\",\"valueRequired\":true,\"valueName\":\"search_term_string\"}}],\"inLanguage\":\"es\"}]}<\/script>\n<!-- \/ Yoast SEO plugin. -->","yoast_head_json":{"title":"Contacto - Catedra Nelson Mandela","robots":{"index":"index","follow":"follow","max-snippet":"max-snippet:-1","max-image-preview":"max-image-preview:large","max-video-preview":"max-video-preview:-1"},"canonical":"https:\/\/pruebadesitios.online\/?page_id=13508","og_locale":"es_MX","og_type":"article","og_title":"Contacto - Catedra Nelson Mandela","og_url":"https:\/\/pruebadesitios.online\/?page_id=13508","og_site_name":"Catedra Nelson Mandela","article_modified_time":"2025-08-13T22:49:30+00:00","twitter_card":"summary_large_image","twitter_misc":{"Tiempo de lectura":"4 minutos"},"schema":{"@context":"https:\/\/schema.org","@graph":[{"@type":"WebPage","@id":"https:\/\/pruebadesitios.online\/?page_id=13508","url":"https:\/\/pruebadesitios.online\/?page_id=13508","name":"Contacto - Catedra Nelson Mandela","isPartOf":{"@id":"https:\/\/pruebadesitios.online\/#website"},"datePublished":"2017-06-13T12:30:18+00:00","dateModified":"2025-08-13T22:49:30+00:00","breadcrumb":{"@id":"https:\/\/pruebadesitios.online\/?page_id=13508#breadcrumb"},"inLanguage":"es","potentialAction":[{"@type":"ReadAction","target":["https:\/\/pruebadesitios.online\/?page_id=13508"]}]},{"@type":"BreadcrumbList","@id":"https:\/\/pruebadesitios.online\/?page_id=13508#breadcrumb","itemListElement":[{"@type":"ListItem","position":1,"name":"Home","item":"https:\/\/pruebadesitios.online\/"},{"@type":"ListItem","position":2,"name":"Contacto"}]},{"@type":"WebSite","@id":"https:\/\/pruebadesitios.online\/#website","url":"https:\/\/pruebadesitios.online\/","name":"Catedra Nelson Mandela","description":"","potentialAction":[{"@type":"SearchAction","target":{"@type":"EntryPoint","urlTemplate":"https:\/\/pruebadesitios.online\/?s={search_term_string}"},"query-input":{"@type":"PropertyValueSpecification","valueRequired":true,"valueName":"search_term_string"}}],"inLanguage":"es"}]}},"_links":{"self":[{"href":"https:\/\/pruebadesitios.online\/index.php?rest_route=\/wp\/v2\/pages\/13508","targetHints":{"allow":["GET"]}}],"collection":[{"href":"https:\/\/pruebadesitios.online\/index.php?rest_route=\/wp\/v2\/pages"}],"about":[{"href":"https:\/\/pruebadesitios.online\/index.php?rest_route=\/wp\/v2\/types\/page"}],"author":[{"embeddable":true,"href":"https:\/\/pruebadesitios.online\/index.php?rest_route=\/wp\/v2\/users\/1"}],"replies":[{"embeddable":true,"href":"https:\/\/pruebadesitios.online\/index.php?rest_route=%2Fwp%2Fv2%2Fcomments&post=13508"}],"version-history":[{"count":63,"href":"https:\/\/pruebadesitios.online\/index.php?rest_route=\/wp\/v2\/pages\/13508\/revisions"}],"predecessor-version":[{"id":17378,"href":"https:\/\/pruebadesitios.online\/index.php?rest_route=\/wp\/v2\/pages\/13508\/revisions\/17378"}],"wp:attachment":[{"href":"https:\/\/pruebadesitios.online\/index.php?rest_route=%2Fwp%2Fv2%2Fmedia&parent=13508"}],"curies":[{"name":"wp","href":"https:\/\/api.w.org\/{rel}","templated":true}]}}